{"id":277,"date":"2013-03-22T18:55:22","date_gmt":"2013-03-22T18:55:22","guid":{"rendered":"http:\/\/lawyers-attorneys.vamtam.com\/?page_id=277"},"modified":"2020-05-01T13:17:19","modified_gmt":"2020-05-01T11:17:19","slug":"actualite","status":"publish","type":"page","link":"https:\/\/2befinance.com\/fr\/blog\/actualite\/","title":{"rendered":"Blog &#8211; Actualit\u00e9"},"content":{"rendered":"<div class=\"row \"><div class=\"wpv-grid grid-1-1  wpv-first-level first unextended\" style=\"padding-top:0px;padding-bottom:0px\" id=\"wpv-column-1b0872c2d4fc7f76fb4b1ef804905fda\" ><div class=\"loop-wrapper clearfix news row masonry paginated vamtam-cubeportfolio cbp\" data-columns=\"3\"  data-options=\"{&quot;layoutMode&quot;:&quot;mosaic&quot;,&quot;sortToPreventGaps&quot;:true,&quot;defaultFilter&quot;:&quot;*&quot;,&quot;animationType&quot;:&quot;quicksand&quot;,&quot;gapHorizontal&quot;:0,&quot;gapVertical&quot;:30,&quot;gridAdjustment&quot;:&quot;responsive&quot;,&quot;mediaQueries&quot;:[{&quot;width&quot;:847.5,&quot;cols&quot;:3},{&quot;width&quot;:555,&quot;cols&quot;:2},{&quot;width&quot;:262.5,&quot;cols&quot;:1}],&quot;displayType&quot;:&quot;bottomToTop&quot;,&quot;displayTypeSpeed&quot;:100}\">\n\t\t<div class=\"page-content post-header grid-1-3 clearboth list-item cbp-item post-12629 post type-post status-publish format-standard hentry category-non-classifiee\" >\n\t\t\t<div>\n\t\t\t\t<div class=\"post-article no-image-wrapper \">\n\t<div class=\"standard-post-format clearfix as-normal as-standard-post-format\">\n\t\t\n\t<div class=\"post-content-wrapper\">\n\t\t<div class=\"post-actions-wrapper clearfix\">\n\t\t\t<div class=\"post-date date updated\">\n\t\t\t\t5 d\u00e9cembre 2020\t\t\t<\/div>\n\t\t\t\t\t\t\t\n\t\t\t\t\t\t\t\t\t<\/div>\n\n\t\t\t\t<header class=\"single\">\n\t\t\t<div class=\"content\">\n\t\t\t\t<h3>\n\t\t\t\t\t<a href=\"https:\/\/2befinance.com\/fr\/lassurance-sante-privee-%d7%91%d7%99%d7%98%d7%95%d7%97-%d7%91%d7%a8%d7%99%d7%90%d7%95%d7%aa\/\" title=\"L\u2019assurance sant\u00e9 priv\u00e9e \u2013 \u05d1\u05d9\u05d8\u05d5\u05d7 \u05d1\u05e8\u05d9\u05d0\u05d5\u05ea\" class=\"entry-title\">L\u2019assurance sant\u00e9 priv\u00e9e \u2013 \u05d1\u05d9\u05d8\u05d5\u05d7 \u05d1\u05e8\u05d9\u05d0\u05d5\u05ea<\/a>\n\t\t\t\t<\/h3>\n\t\t\t<\/div>\n\t\t<\/header>\n\t\n\t\t<div class=\"post-content-outer\">\n\t\t\t<p>&nbsp; De nombreux Isra\u00e9liens souscrivent \u00e0 une assurance maladie priv\u00e9e, en suppl\u00e9ment de la couverture&#8230;<\/p>\n\t\t<\/div>\n\n\t\t\t\t\t<div class=\"post-content-meta\">\n\t\t\t\t\t\t\t\t<div>\n\t\t\t\t\tPosted in:  <a href=\"https:\/\/2befinance.com\/fr\/category\/non-classifiee\/\" rel=\"category tag\">Non classifi\u00e9(e)<\/a>\t\t\t\t<\/div>\n\t\t\t\t\t\t\t<\/div>\n\t\t\t<\/div>\n\t<\/div>\n<\/div>\n\t\t\t<\/div>\n\t\t<\/div>\n\t\t<div class=\"page-content post-header grid-1-3 list-item cbp-item post-12621 post type-post status-publish format-standard hentry category-non-classifiee\" >\n\t\t\t<div>\n\t\t\t\t<div class=\"post-article no-image-wrapper \">\n\t<div class=\"standard-post-format clearfix as-normal as-standard-post-format\">\n\t\t\n\t<div class=\"post-content-wrapper\">\n\t\t<div class=\"post-actions-wrapper clearfix\">\n\t\t\t<div class=\"post-date date updated\">\n\t\t\t\t5 d\u00e9cembre 2020\t\t\t<\/div>\n\t\t\t\t\t\t\t\n\t\t\t\t\t\t\t\t\t<\/div>\n\n\t\t\t\t<header class=\"single\">\n\t\t\t<div class=\"content\">\n\t\t\t\t<h3>\n\t\t\t\t\t<a href=\"https:\/\/2befinance.com\/fr\/placements-prives\/\" title=\"Placements priv\u00e9s\" class=\"entry-title\">Placements priv\u00e9s<\/a>\n\t\t\t\t<\/h3>\n\t\t\t<\/div>\n\t\t<\/header>\n\t\n\t\t<div class=\"post-content-outer\">\n\t\t\t<p>Nous avons tous des projets \u00e0 concr\u00e9tiser, que ce soit notre futur achat immobilier, le&#8230;<\/p>\n\t\t<\/div>\n\n\t\t\t\t\t<div class=\"post-content-meta\">\n\t\t\t\t\t\t\t\t<div>\n\t\t\t\t\tPosted in:  <a href=\"https:\/\/2befinance.com\/fr\/category\/non-classifiee\/\" rel=\"category tag\">Non classifi\u00e9(e)<\/a>\t\t\t\t<\/div>\n\t\t\t\t\t\t\t<\/div>\n\t\t\t<\/div>\n\t<\/div>\n<\/div>\n\t\t\t<\/div>\n\t\t<\/div>\n\t\t<div class=\"page-content post-header grid-1-3 list-item cbp-item post-12602 post type-post status-publish format-standard hentry category-non-classifiee\" >\n\t\t\t<div>\n\t\t\t\t<div class=\"post-article no-image-wrapper \">\n\t<div class=\"standard-post-format clearfix as-normal as-standard-post-format\">\n\t\t\n\t<div class=\"post-content-wrapper\">\n\t\t<div class=\"post-actions-wrapper clearfix\">\n\t\t\t<div class=\"post-date date updated\">\n\t\t\t\t3 d\u00e9cembre 2020\t\t\t<\/div>\n\t\t\t\t\t\t\t\n\t\t\t\t\t\t\t\t\t<\/div>\n\n\t\t\t\t<header class=\"single\">\n\t\t\t<div class=\"content\">\n\t\t\t\t<h3>\n\t\t\t\t\t<a href=\"https:\/\/2befinance.com\/fr\/assurance-voyages-a-letranger-%d7%91%d7%99%d7%98%d7%95%d7%97-%d7%a0%d7%a1%d7%99%d7%a2%d7%95%d7%aa-%d7%9c%d7%97%d7%95%d7%9c\/\" title=\"Assurance voyages \u00e0 l\u2019\u00e9tranger &#8211; \u05d1\u05d9\u05d8\u05d5\u05d7 \u05e0\u05e1\u05d9\u05e2\u05d5\u05ea \u05dc\u05d7\u05d5&#8221;\u05dc\" class=\"entry-title\">Assurance voyages \u00e0 l\u2019\u00e9tranger &#8211; \u05d1\u05d9\u05d8\u05d5\u05d7 \u05e0\u05e1\u05d9\u05e2\u05d5\u05ea \u05dc\u05d7\u05d5&#8221;\u05dc<\/a>\n\t\t\t\t<\/h3>\n\t\t\t<\/div>\n\t\t<\/header>\n\t\n\t\t<div class=\"post-content-outer\">\n\t\t\t<p>Qu&#8217;est-ce qu&#8217;une assurance voyage \u00e0 l\u2019\u00e9tranger ? Chaque citoyen isra\u00e9lien a le droit \u00e0 une&#8230;<\/p>\n\t\t<\/div>\n\n\t\t\t\t\t<div class=\"post-content-meta\">\n\t\t\t\t\t\t\t\t<div>\n\t\t\t\t\tPosted in:  <a href=\"https:\/\/2befinance.com\/fr\/category\/non-classifiee\/\" rel=\"category tag\">Non classifi\u00e9(e)<\/a>\t\t\t\t<\/div>\n\t\t\t\t\t\t\t<\/div>\n\t\t\t<\/div>\n\t<\/div>\n<\/div>\n\t\t\t<\/div>\n\t\t<\/div>\n\t\t<div class=\"page-content post-header grid-1-3 clearboth list-item cbp-item post-12429 post type-post status-publish format-standard hentry category-assurances category-pret-immobilier\" >\n\t\t\t<div>\n\t\t\t\t<div class=\"post-article no-image-wrapper \">\n\t<div class=\"standard-post-format clearfix as-normal as-standard-post-format\">\n\t\t\n\t<div class=\"post-content-wrapper\">\n\t\t<div class=\"post-actions-wrapper clearfix\">\n\t\t\t<div class=\"post-date date updated\">\n\t\t\t\t26 novembre 2020\t\t\t<\/div>\n\t\t\t\t\t\t\t\n\t\t\t\t\t\t\t\t\t<\/div>\n\n\t\t\t\t<header class=\"single\">\n\t\t\t<div class=\"content\">\n\t\t\t\t<h3>\n\t\t\t\t\t<a href=\"https:\/\/2befinance.com\/fr\/les-assurances-liees-au-credit-immobilier-bituah-mashkenta\/\" title=\"Les assurances li\u00e9es au cr\u00e9dit immobilier \u2013 \u05d1\u05d9\u05d8\u05d5\u05d7 \u05de\u05e9\u05db\u05e0\u05ea\u05d0\" class=\"entry-title\">Les assurances li\u00e9es au cr\u00e9dit immobilier \u2013 \u05d1\u05d9\u05d8\u05d5\u05d7 \u05de\u05e9\u05db\u05e0\u05ea\u05d0<\/a>\n\t\t\t\t<\/h3>\n\t\t\t<\/div>\n\t\t<\/header>\n\t\n\t\t<div class=\"post-content-outer\">\n\t\t\t<p>&nbsp; \u00a0 Toute banque qui accorde un cr\u00e9dit immobilier en Isra\u00ebl exige dans le cadre&#8230;<\/p>\n\t\t<\/div>\n\n\t\t\t\t\t<div class=\"post-content-meta\">\n\t\t\t\t\t\t\t\t<div>\n\t\t\t\t\tPosted in:  <a href=\"https:\/\/2befinance.com\/fr\/category\/assurances\/\" rel=\"category tag\">Assurances<\/a>, <a href=\"https:\/\/2befinance.com\/fr\/category\/pret-immobilier\/\" rel=\"category tag\">Pr\u00eat immobilier<\/a>\t\t\t\t<\/div>\n\t\t\t\t\t\t\t<\/div>\n\t\t\t<\/div>\n\t<\/div>\n<\/div>\n\t\t\t<\/div>\n\t\t<\/div>\n\t\t<div class=\"page-content post-header grid-1-3 list-item cbp-item post-12423 post type-post status-publish format-standard hentry category-assurances category-incapacite-de-travail\" >\n\t\t\t<div>\n\t\t\t\t<div class=\"post-article no-image-wrapper \">\n\t<div class=\"standard-post-format clearfix as-normal as-standard-post-format\">\n\t\t\n\t<div class=\"post-content-wrapper\">\n\t\t<div class=\"post-actions-wrapper clearfix\">\n\t\t\t<div class=\"post-date date updated\">\n\t\t\t\t26 novembre 2020\t\t\t<\/div>\n\t\t\t\t\t\t\t\n\t\t\t\t\t\t\t\t\t<\/div>\n\n\t\t\t\t<header class=\"single\">\n\t\t\t<div class=\"content\">\n\t\t\t\t<h3>\n\t\t\t\t\t<a href=\"https:\/\/2befinance.com\/fr\/assurance-incapacite-de-travail\/\" title=\"Assurance incapacit\u00e9 de travail &#8211; \u05d1\u05d9\u05d8\u05d5\u05d7 \u05d0\u05d5\u05d1\u05d3\u05df \u05db\u05d5\u05e9\u05e8 \u05e2\u05d1\u05d5\u05d3\u05d4\" class=\"entry-title\">Assurance incapacit\u00e9 de travail &#8211; \u05d1\u05d9\u05d8\u05d5\u05d7 \u05d0\u05d5\u05d1\u05d3\u05df \u05db\u05d5\u05e9\u05e8 \u05e2\u05d1\u05d5\u05d3\u05d4<\/a>\n\t\t\t\t<\/h3>\n\t\t\t<\/div>\n\t\t<\/header>\n\t\n\t\t<div class=\"post-content-outer\">\n\t\t\t<p>\u00a0 &nbsp; Cette assurance prodigue une couverture en cas d&#8217;incapacit\u00e9 de travail due \u00e0 une&#8230;<\/p>\n\t\t<\/div>\n\n\t\t\t\t\t<div class=\"post-content-meta\">\n\t\t\t\t\t\t\t\t<div>\n\t\t\t\t\tPosted in:  <a href=\"https:\/\/2befinance.com\/fr\/category\/assurances\/\" rel=\"category tag\">Assurances<\/a>, <a href=\"https:\/\/2befinance.com\/fr\/category\/incapacite-de-travail\/\" rel=\"category tag\">Incapacit\u00e9 de travail<\/a>\t\t\t\t<\/div>\n\t\t\t\t\t\t\t<\/div>\n\t\t\t<\/div>\n\t<\/div>\n<\/div>\n\t\t\t<\/div>\n\t\t<\/div>\n\t\t<div class=\"page-content post-header grid-1-3 list-item cbp-item post-12419 post type-post status-publish format-standard hentry category-placements-financiers\" >\n\t\t\t<div>\n\t\t\t\t<div class=\"post-article no-image-wrapper \">\n\t<div class=\"standard-post-format clearfix as-normal as-standard-post-format\">\n\t\t\n\t<div class=\"post-content-wrapper\">\n\t\t<div class=\"post-actions-wrapper clearfix\">\n\t\t\t<div class=\"post-date date updated\">\n\t\t\t\t26 novembre 2020\t\t\t<\/div>\n\t\t\t\t\t\t\t\n\t\t\t\t\t\t\t\t\t<\/div>\n\n\t\t\t\t<header class=\"single\">\n\t\t\t<div class=\"content\">\n\t\t\t\t<h3>\n\t\t\t\t\t<a href=\"https:\/\/2befinance.com\/fr\/le-keren-ishtalmut\/\" title=\"Le fonds de formation &#8211; \u05e7\u05e8\u05df \u05d4\u05e9\u05ea\u05dc\u05de\u05d5\u05ea\" class=\"entry-title\">Le fonds de formation &#8211; \u05e7\u05e8\u05df \u05d4\u05e9\u05ea\u05dc\u05de\u05d5\u05ea<\/a>\n\t\t\t\t<\/h3>\n\t\t\t<\/div>\n\t\t<\/header>\n\t\n\t\t<div class=\"post-content-outer\">\n\t\t\t<p>&nbsp; Le fond de formation &#8211; keren ishtalmut en h\u00e9breu-\u00a0 est un plan d&#8217;\u00e9pargne professionnel&#8230;<\/p>\n\t\t<\/div>\n\n\t\t\t\t\t<div class=\"post-content-meta\">\n\t\t\t\t\t\t\t\t<div>\n\t\t\t\t\tPosted in:  <a href=\"https:\/\/2befinance.com\/fr\/category\/placements-financiers\/\" rel=\"category tag\">Placements financiers<\/a>\t\t\t\t<\/div>\n\t\t\t\t\t\t\t<\/div>\n\t\t\t<\/div>\n\t<\/div>\n<\/div>\n\t\t\t<\/div>\n\t\t<\/div>\n\t\t<div class=\"page-content post-header grid-1-3 clearboth list-item cbp-item post-12411 post type-post status-publish format-standard hentry category-accidents-corporels category-assurances\" >\n\t\t\t<div>\n\t\t\t\t<div class=\"post-article no-image-wrapper \">\n\t<div class=\"standard-post-format clearfix as-normal as-standard-post-format\">\n\t\t\n\t<div class=\"post-content-wrapper\">\n\t\t<div class=\"post-actions-wrapper clearfix\">\n\t\t\t<div class=\"post-date date updated\">\n\t\t\t\t26 novembre 2020\t\t\t<\/div>\n\t\t\t\t\t\t\t\n\t\t\t\t\t\t\t\t\t<\/div>\n\n\t\t\t\t<header class=\"single\">\n\t\t\t<div class=\"content\">\n\t\t\t\t<h3>\n\t\t\t\t\t<a href=\"https:\/\/2befinance.com\/fr\/lassurance-dommages-corporels-%d7%aa%d7%90%d7%95%d7%a0%d7%95%d7%aa-%d7%90%d7%99%d7%a9%d7%99%d7%95%d7%aa\/\" title=\"L\u2019assurance dommages corporels \u2013  \u05d1\u05d9\u05d8\u05d5\u05d7 \u05ea\u05d0\u05d5\u05e0\u05d5\u05ea \u05d0\u05d9\u05e9\u05d9\u05d5\u05ea\" class=\"entry-title\">L\u2019assurance dommages corporels \u2013  \u05d1\u05d9\u05d8\u05d5\u05d7 \u05ea\u05d0\u05d5\u05e0\u05d5\u05ea \u05d0\u05d9\u05e9\u05d9\u05d5\u05ea<\/a>\n\t\t\t\t<\/h3>\n\t\t\t<\/div>\n\t\t<\/header>\n\t\n\t\t<div class=\"post-content-outer\">\n\t\t\t<p>&nbsp; \u00a0 L\u2019assurance dommages corporels est consid\u00e9r\u00e9e par beaucoup comme une assurance maladie, mais est&#8230;<\/p>\n\t\t<\/div>\n\n\t\t\t\t\t<div class=\"post-content-meta\">\n\t\t\t\t\t\t\t\t<div>\n\t\t\t\t\tPosted in:  <a href=\"https:\/\/2befinance.com\/fr\/category\/accidents-corporels\/\" rel=\"category tag\">Accidents corporels<\/a>, <a href=\"https:\/\/2befinance.com\/fr\/category\/assurances\/\" rel=\"category tag\">Assurances<\/a>\t\t\t\t<\/div>\n\t\t\t\t\t\t\t<\/div>\n\t\t\t<\/div>\n\t<\/div>\n<\/div>\n\t\t\t<\/div>\n\t\t<\/div>\n\t\t<div class=\"page-content post-header grid-1-3 list-item cbp-item post-12407 post type-post status-publish format-standard hentry category-assurances category-maladies-graves\" >\n\t\t\t<div>\n\t\t\t\t<div class=\"post-article no-image-wrapper \">\n\t<div class=\"standard-post-format clearfix as-normal as-standard-post-format\">\n\t\t\n\t<div class=\"post-content-wrapper\">\n\t\t<div class=\"post-actions-wrapper clearfix\">\n\t\t\t<div class=\"post-date date updated\">\n\t\t\t\t26 novembre 2020\t\t\t<\/div>\n\t\t\t\t\t\t\t\n\t\t\t\t\t\t\t\t\t<\/div>\n\n\t\t\t\t<header class=\"single\">\n\t\t\t<div class=\"content\">\n\t\t\t\t<h3>\n\t\t\t\t\t<a href=\"https:\/\/2befinance.com\/fr\/lassurance-maladies-graves-%d7%9e%d7%97%d7%9c%d7%95%d7%aa-%d7%a7%d7%a9%d7%95%d7%aa\/\" title=\"L&#8217;assurance maladies graves &#8211; \u05d1\u05d9\u05d8\u05d5\u05d7 \u05de\u05d7\u05dc\u05d5\u05ea \u05e7\u05e9\u05d5\u05ea\" class=\"entry-title\">L&#8217;assurance maladies graves &#8211; \u05d1\u05d9\u05d8\u05d5\u05d7 \u05de\u05d7\u05dc\u05d5\u05ea \u05e7\u05e9\u05d5\u05ea<\/a>\n\t\t\t\t<\/h3>\n\t\t\t<\/div>\n\t\t<\/header>\n\t\n\t\t<div class=\"post-content-outer\">\n\t\t\t<p>&nbsp; Qu&#8217;est-ce qu&#8217;une assurance \u00ab\u00a0maladies graves\u00a0\u00bb ? L&#8217;assurance \u00ab maladies graves \u00bb est souscrite dans&#8230;<\/p>\n\t\t<\/div>\n\n\t\t\t\t\t<div class=\"post-content-meta\">\n\t\t\t\t\t\t\t\t<div>\n\t\t\t\t\tPosted in:  <a href=\"https:\/\/2befinance.com\/fr\/category\/assurances\/\" rel=\"category tag\">Assurances<\/a>, <a href=\"https:\/\/2befinance.com\/fr\/category\/maladies-graves\/\" rel=\"category tag\">Maladies Graves<\/a>\t\t\t\t<\/div>\n\t\t\t\t\t\t\t<\/div>\n\t\t\t<\/div>\n\t<\/div>\n<\/div>\n\t\t\t<\/div>\n\t\t<\/div>\n\t\t<div class=\"page-content post-header grid-1-3 list-item cbp-item post-12105 post type-post status-publish format-standard hentry category-assurances category-capital-deces\" >\n\t\t\t<div>\n\t\t\t\t<div class=\"post-article no-image-wrapper \">\n\t<div class=\"standard-post-format clearfix as-normal as-standard-post-format\">\n\t\t\n\t<div class=\"post-content-wrapper\">\n\t\t<div class=\"post-actions-wrapper clearfix\">\n\t\t\t<div class=\"post-date date updated\">\n\t\t\t\t4 mai 2020\t\t\t<\/div>\n\t\t\t\t\t\t\t\n\t\t\t\t\t\t\t\t\t<\/div>\n\n\t\t\t\t<header class=\"single\">\n\t\t\t<div class=\"content\">\n\t\t\t\t<h3>\n\t\t\t\t\t<a href=\"https:\/\/2befinance.com\/fr\/assurance-deces\/\" title=\"L\u2019assurance vie \u2013 \u05d1\u05d9\u05d8\u05d5\u05d7 \u05d7\u05d9\u05d9\u05dd\" class=\"entry-title\">L\u2019assurance vie \u2013 \u05d1\u05d9\u05d8\u05d5\u05d7 \u05d7\u05d9\u05d9\u05dd<\/a>\n\t\t\t\t<\/h3>\n\t\t\t<\/div>\n\t\t<\/header>\n\t\n\t\t<div class=\"post-content-outer\">\n\t\t\t<p>&nbsp; &nbsp; En Isra\u00ebl, la s\u00e9curit\u00e9 sociale \u2013 Bituah Leumi \u2013 garantit en cas de&#8230;<\/p>\n\t\t<\/div>\n\n\t\t\t\t\t<div class=\"post-content-meta\">\n\t\t\t\t\t\t\t\t<div>\n\t\t\t\t\tPosted in:  <a href=\"https:\/\/2befinance.com\/fr\/category\/assurances\/\" rel=\"category tag\">Assurances<\/a>, <a href=\"https:\/\/2befinance.com\/fr\/category\/capital-deces\/\" rel=\"category tag\">Capital d\u00e9c\u00e8s<\/a>\t\t\t\t<\/div>\n\t\t\t\t\t\t\t<\/div>\n\t\t\t<\/div>\n\t<\/div>\n<\/div>\n\t\t\t<\/div>\n\t\t<\/div>\n\t\t<div class=\"page-content post-header grid-1-3 clearboth list-item cbp-item post-11920 post type-post status-publish format-standard hentry category-epargne-retraite\" >\n\t\t\t<div>\n\t\t\t\t<div class=\"post-article no-image-wrapper \">\n\t<div class=\"standard-post-format clearfix as-normal as-standard-post-format\">\n\t\t\n\t<div class=\"post-content-wrapper\">\n\t\t<div class=\"post-actions-wrapper clearfix\">\n\t\t\t<div class=\"post-date date updated\">\n\t\t\t\t22 avril 2020\t\t\t<\/div>\n\t\t\t\t\t\t\t\n\t\t\t\t\t\t\t\t\t<\/div>\n\n\t\t\t\t<header class=\"single\">\n\t\t\t<div class=\"content\">\n\t\t\t\t<h3>\n\t\t\t\t\t<a href=\"https:\/\/2befinance.com\/fr\/epargne-retraite\/\" title=\"Epargne retraite\" class=\"entry-title\">Epargne retraite<\/a>\n\t\t\t\t<\/h3>\n\t\t\t<\/div>\n\t\t<\/header>\n\t\n\t\t<div class=\"post-content-outer\">\n\t\t\t<p>&nbsp; Comment fonctionne le syst\u00e8me de retraite en Isra\u00ebl Le r\u00e9gime de retraite obligatoire en&#8230;<\/p>\n\t\t<\/div>\n\n\t\t\t\t\t<div class=\"post-content-meta\">\n\t\t\t\t\t\t\t\t<div>\n\t\t\t\t\tPosted in:  <a href=\"https:\/\/2befinance.com\/fr\/category\/epargne-retraite\/\" rel=\"category tag\">\u00c9pargne retraite<\/a>\t\t\t\t<\/div>\n\t\t\t\t\t\t\t<\/div>\n\t\t\t<\/div>\n\t<\/div>\n<\/div>\n\t\t\t<\/div>\n\t\t<\/div>\n<\/div>\n\n<\/div><\/div>\n","protected":false},"excerpt":{"rendered":"<p>&nbsp; Comment fonctionne le syst\u00e8me de retraite en Isra\u00ebl Le r\u00e9gime de retraite obligatoire en Isra\u00ebl est bien diff\u00e9rent de celui en vigueur actuellement en France. Quand dans l&#8217;hexagone est pratique un syst\u00e8me de retraite par r\u00e9partition qui repose sur la solidarit\u00e9 entre les g\u00e9n\u00e9rations , ou chaque ann\u00e9e le total des cotisations vers\u00e9es par&#8230;<\/p>\n","protected":false},"author":1,"featured_media":0,"parent":275,"menu_order":3,"comment_status":"closed","ping_status":"closed","template":"","meta":{"_et_pb_use_builder":"","_et_pb_old_content":"","_et_gb_content_width":""},"_links":{"self":[{"href":"https:\/\/2befinance.com\/fr\/wp-json\/wp\/v2\/pages\/277"}],"collection":[{"href":"https:\/\/2befinance.com\/fr\/wp-json\/wp\/v2\/pages"}],"about":[{"href":"https:\/\/2befinance.com\/fr\/wp-json\/wp\/v2\/types\/page"}],"author":[{"embeddable":true,"href":"https:\/\/2befinance.com\/fr\/wp-json\/wp\/v2\/users\/1"}],"replies":[{"embeddable":true,"href":"https:\/\/2befinance.com\/fr\/wp-json\/wp\/v2\/comments?post=277"}],"version-history":[{"count":2,"href":"https:\/\/2befinance.com\/fr\/wp-json\/wp\/v2\/pages\/277\/revisions"}],"predecessor-version":[{"id":12011,"href":"https:\/\/2befinance.com\/fr\/wp-json\/wp\/v2\/pages\/277\/revisions\/12011"}],"up":[{"embeddable":true,"href":"https:\/\/2befinance.com\/fr\/wp-json\/wp\/v2\/pages\/275"}],"wp:attachment":[{"href":"https:\/\/2befinance.com\/fr\/wp-json\/wp\/v2\/media?parent=277"}],"curies":[{"name":"wp","href":"https:\/\/api.w.org\/{rel}","templated":true}]}}